{"id":946,"date":"2021-09-22T10:26:55","date_gmt":"2021-09-22T10:26:55","guid":{"rendered":"https:\/\/stage.startertemplatecloud.com\/g15\/?page_id=946"},"modified":"2025-06-19T18:00:17","modified_gmt":"2025-06-19T15:00:17","slug":"about","status":"publish","type":"page","link":"https:\/\/combinup.com\/tr\/about\/","title":{"rendered":"Hakk\u0131nda"},"content":{"rendered":"<style>.kb-row-layout-id946_04352d-95 > .kt-row-column-wrap{align-content:start;}:where(.kb-row-layout-id946_04352d-95 > .kt-row-column-wrap) > .wp-block-kadence-column{justify-content:start;}.kb-row-layout-id946_04352d-95 > .kt-row-column-wrap{column-gap:var(--global-kb-gap-md, 2rem);row-gap:var(--global-kb-gap-md, 2rem);max-width:600px;margin-left:auto;margin-right:auto;padding-top:150px;padding-right:0px;padding-bottom:120px;padding-left:0px;grid-template-columns:minmax(0, 1fr);}.kb-row-layout-id946_04352d-95 > .kt-row-layout-overlay{opacity:0.70;background-image:url('http:\/\/34.138.23.187\/wp-content\/uploads\/2021\/04\/bg-0.png');background-size:cover;background-position:50% 50%;background-attachment:fixed;background-repeat:no-repeat;}@media all and (max-width: 1024px), only screen and (min-device-width: 1024px) and (max-device-width: 1366px) and (-webkit-min-device-pixel-ratio: 2) and (hover: none){.kb-row-layout-id946_04352d-95 > .kt-row-layout-overlay{background-attachment:scroll;}}@media all and (max-width: 1024px){.kb-row-layout-id946_04352d-95 > .kt-row-column-wrap{padding-top:140px;padding-right:0px;padding-bottom:80px;padding-left:0px;grid-template-columns:minmax(0, 1fr);}}@media all and (max-width: 767px){.kb-row-layout-id946_04352d-95 > .kt-row-column-wrap{padding-top:120px;padding-right:20px;padding-bottom:50px;padding-left:20px;grid-template-columns:minmax(0, 1fr);}}<\/style><div class=\"kb-row-layout-wrap kb-row-layout-id946_04352d-95 alignnone has-theme-palette8-background-color kt-row-has-bg wp-block-kadence-rowlayout\"><div class=\"kt-row-layout-overlay kt-row-overlay-normal\"><\/div><div class=\"kt-row-column-wrap kt-has-1-columns kt-row-layout-equal kt-tab-layout-inherit kt-mobile-layout-row kt-row-valign-top\">\n<style>.kadence-column946_af56d0-47 > .kt-inside-inner-col{padding-top:10px;padding-right:10px;padding-bottom:10px;padding-left:10px;}.kadence-column946_af56d0-47 > .kt-inside-inner-col,.kadence-column946_af56d0-47 > .kt-inside-inner-col:before{border-top-left-radius:0px;border-top-right-radius:0px;border-bottom-right-radius:0px;border-bottom-left-radius:0px;}.kadence-column946_af56d0-47 > .kt-inside-inner-col{column-gap:var(--global-kb-gap-sm, 1rem);}.kadence-column946_af56d0-47 > .kt-inside-inner-col{flex-direction:column;}.kadence-column946_af56d0-47 > .kt-inside-inner-col > .aligncenter{width:100%;}.kadence-column946_af56d0-47 > .kt-inside-inner-col:before{opacity:0.3;}.kadence-column946_af56d0-47{position:relative;}@media all and (max-width: 1024px){.kadence-column946_af56d0-47 > .kt-inside-inner-col{flex-direction:column;justify-content:center;}}@media all and (max-width: 767px){.kadence-column946_af56d0-47 > .kt-inside-inner-col{flex-direction:column;justify-content:center;}}<\/style>\n<div class=\"wp-block-kadence-column kadence-column946_af56d0-47 inner-column-1\"><div class=\"kt-inside-inner-col\"><style>.kb-row-layout-id946_41420b-4a > .kt-row-column-wrap{align-content:start;}:where(.kb-row-layout-id946_41420b-4a > .kt-row-column-wrap) > .wp-block-kadence-column{justify-content:start;}.kb-row-layout-id946_41420b-4a > .kt-row-column-wrap{column-gap:var(--global-kb-gap-md, 2rem);row-gap:var(--global-kb-gap-md, 2rem);padding-top:var(--global-kb-spacing-sm, 1.5rem);padding-bottom:var(--global-kb-spacing-sm, 1.5rem);grid-template-columns:minmax(0, 1fr) minmax(0, 2fr);}.kb-row-layout-id946_41420b-4a > .kt-row-layout-overlay{opacity:0.30;}@media all and (max-width: 1024px){.kb-row-layout-id946_41420b-4a > .kt-row-column-wrap{grid-template-columns:minmax(0, 1fr) minmax(0, 2fr);}}@media all and (max-width: 767px){.kb-row-layout-id946_41420b-4a > .kt-row-column-wrap{grid-template-columns:minmax(0, 1fr);}}<\/style><div class=\"kb-row-layout-wrap kb-row-layout-id946_41420b-4a alignnone wp-block-kadence-rowlayout\"><div class=\"kt-row-column-wrap kt-has-2-columns kt-row-layout-right-golden kt-tab-layout-inherit kt-mobile-layout-row kt-row-valign-top\">\n<style>.kadence-column946_43b0b5-93 > .kt-inside-inner-col{display:flex;}.kadence-column946_43b0b5-93 > .kt-inside-inner-col,.kadence-column946_43b0b5-93 > .kt-inside-inner-col:before{border-top-left-radius:0px;border-top-right-radius:0px;border-bottom-right-radius:0px;border-bottom-left-radius:0px;}.kadence-column946_43b0b5-93 > .kt-inside-inner-col{column-gap:var(--global-kb-gap-sm, 1rem);}.kadence-column946_43b0b5-93 > .kt-inside-inner-col{flex-direction:column;justify-content:center;}.kadence-column946_43b0b5-93 > .kt-inside-inner-col > .aligncenter{width:100%;}.kt-row-column-wrap > .kadence-column946_43b0b5-93{align-self:center;}.kt-inner-column-height-full:not(.kt-has-1-columns) > .wp-block-kadence-column.kadence-column946_43b0b5-93{align-self:auto;}.kt-inner-column-height-full:not(.kt-has-1-columns) > .wp-block-kadence-column.kadence-column946_43b0b5-93 > .kt-inside-inner-col{flex-direction:column;justify-content:center;}.kadence-column946_43b0b5-93 > .kt-inside-inner-col:before{opacity:0.3;}.kadence-column946_43b0b5-93{position:relative;}@media all and (max-width: 1024px){.kt-row-column-wrap > .kadence-column946_43b0b5-93{align-self:center;}}@media all and (max-width: 1024px){.kt-inner-column-height-full:not(.kt-has-1-columns) > .wp-block-kadence-column.kadence-column946_43b0b5-93{align-self:auto;}}@media all and (max-width: 1024px){.kt-inner-column-height-full:not(.kt-has-1-columns) > .wp-block-kadence-column.kadence-column946_43b0b5-93 > .kt-inside-inner-col{flex-direction:column;justify-content:center;}}@media all and (max-width: 1024px){.kadence-column946_43b0b5-93 > .kt-inside-inner-col{flex-direction:column;justify-content:center;}}@media all and (max-width: 767px){.kt-row-column-wrap > .kadence-column946_43b0b5-93{align-self:center;}.kt-inner-column-height-full:not(.kt-has-1-columns) > .wp-block-kadence-column.kadence-column946_43b0b5-93{align-self:auto;}.kt-inner-column-height-full:not(.kt-has-1-columns) > .wp-block-kadence-column.kadence-column946_43b0b5-93 > .kt-inside-inner-col{flex-direction:column;justify-content:center;}.kadence-column946_43b0b5-93 > .kt-inside-inner-col{flex-direction:column;justify-content:center;}}<\/style>\n<div class=\"wp-block-kadence-column kadence-column946_43b0b5-93\"><div class=\"kt-inside-inner-col\">\n<figure class=\"wp-block-image size-full\"><img loading=\"lazy\" decoding=\"async\" width=\"1000\" height=\"1000\" src=\"http:\/\/34.138.23.187\/wp-content\/uploads\/2025\/06\/new-logo-isim-bgnone-1000x1000-1.png\" alt=\"\" class=\"wp-image-1400\" srcset=\"https:\/\/combinup.com\/wp-content\/uploads\/2025\/06\/new-logo-isim-bgnone-1000x1000-1.png 1000w, https:\/\/combinup.com\/wp-content\/uploads\/2025\/06\/new-logo-isim-bgnone-1000x1000-1-300x300.png 300w, https:\/\/combinup.com\/wp-content\/uploads\/2025\/06\/new-logo-isim-bgnone-1000x1000-1-150x150.png 150w, https:\/\/combinup.com\/wp-content\/uploads\/2025\/06\/new-logo-isim-bgnone-1000x1000-1-768x768.png 768w, https:\/\/combinup.com\/wp-content\/uploads\/2025\/06\/new-logo-isim-bgnone-1000x1000-1-12x12.png 12w\" sizes=\"auto, (max-width: 1000px) 100vw, 1000px\" \/><\/figure>\n<\/div><\/div>\n\n\n<style>.kadence-column946_ad1f32-9a > .kt-inside-inner-col,.kadence-column946_ad1f32-9a > .kt-inside-inner-col:before{border-top-left-radius:0px;border-top-right-radius:0px;border-bottom-right-radius:0px;border-bottom-left-radius:0px;}.kadence-column946_ad1f32-9a > .kt-inside-inner-col{column-gap:var(--global-kb-gap-sm, 1rem);}.kadence-column946_ad1f32-9a > .kt-inside-inner-col{flex-direction:column;}.kadence-column946_ad1f32-9a > .kt-inside-inner-col > .aligncenter{width:100%;}.kadence-column946_ad1f32-9a > .kt-inside-inner-col:before{opacity:0.3;}.kadence-column946_ad1f32-9a{position:relative;}@media all and (max-width: 1024px){.kadence-column946_ad1f32-9a > .kt-inside-inner-col{flex-direction:column;justify-content:center;}}@media all and (max-width: 767px){.kadence-column946_ad1f32-9a > .kt-inside-inner-col{flex-direction:column;justify-content:center;}}<\/style>\n<div class=\"wp-block-kadence-column kadence-column946_ad1f32-9a\"><div class=\"kt-inside-inner-col\">\n<h2 class=\"wp-block-heading alignwide has-text-align-center\">COMB\u0130NUP YAZILIM ANON\u0130M \u015e\u0130RKET\u0130<\/h2>\n\n\n\n<p class=\"has-text-align-center\">Maslak Mah., Maslak Meydan Sk. A Blok Beybi Giz Plaza No:1 i\u00e7 kap\u0131 no:55 34398 Sar\u0131yer \u0130stanbul T\u00dcRK\u0130YE<\/p>\n\n\n\n<p><strong>Tel:<\/strong> <a href=\"tel:902129828351\">+90 212 982 83 51<\/a><br><strong>Fax:<\/strong> +90 850 522 34 03<br><strong>E-posta:<\/strong> <a href=\"mailto:info@combinup.com\">info@combinup.com<\/a><br><strong>DUNS:<\/strong> <a href=\"https:\/\/www.dnb.com\/business-directory\/company-profiles.combinup_yazilim_anonim_sirketi.5de24cbc2ed54a96ac9f57700d860757.html\" target=\"_blank\" rel=\"noreferrer noopener\">533159207<\/a><\/p>\n<\/div><\/div>\n\n<\/div><\/div><\/div><\/div>\n\n<\/div><\/div>\n\n\n<p><\/p>","protected":false},"excerpt":{"rendered":"<p>COMBINUP YAZILIM ANONIM SIRKETI Maslak Mah., Maslak Meydan Sk. A Blok Beybi Giz Plaza No:1 ic kapi no:55 34398 Sariyer Istanbul TURKIYE Tel: +90 212 982 83 51Fax: +90 850&#8230;<\/p>","protected":false},"author":1,"featured_media":0,"parent":0,"menu_order":0,"comment_status":"closed","ping_status":"closed","template":"","meta":{"_EventAllDay":false,"_EventTimezone":"","_EventStartDate":"","_EventEndDate":"","_EventStartDateUTC":"","_EventEndDateUTC":"","_EventShowMap":false,"_EventShowMapLink":false,"_EventURL":"","_EventCost":"","_EventCostDescription":"","_EventCurrencySymbol":"","_EventCurrencyCode":"","_EventCurrencyPosition":"","_EventDateTimeSeparator":"","_EventTimeRangeSeparator":"","_EventOrganizerID":[],"_EventVenueID":[],"_OrganizerEmail":"","_OrganizerPhone":"","_OrganizerWebsite":"","_VenueAddress":"","_VenueCity":"","_VenueCountry":"","_VenueProvince":"","_VenueState":"","_VenueZip":"","_VenuePhone":"","_VenueURL":"","_VenueStateProvince":"","_VenueLat":"","_VenueLng":"","_VenueShowMap":false,"_VenueShowMapLink":false,"_kadence_starter_templates_imported_post":true,"_kad_post_transparent":"","_kad_post_title":"hide","_kad_post_layout":"fullwidth","_kad_post_sidebar_id":"","_kad_post_content_style":"unboxed","_kad_post_vertical_padding":"hide","_kad_post_feature":"hide","_kad_post_feature_position":"","_kad_post_header":false,"_kad_post_footer":false,"_kad_post_classname":"","footnotes":""},"class_list":["post-946","page","type-page","status-publish","hentry"],"_links":{"self":[{"href":"https:\/\/combinup.com\/tr\/wp-json\/wp\/v2\/pages\/946","targetHints":{"allow":["GET"]}}],"collection":[{"href":"https:\/\/combinup.com\/tr\/wp-json\/wp\/v2\/pages"}],"about":[{"href":"https:\/\/combinup.com\/tr\/wp-json\/wp\/v2\/types\/page"}],"author":[{"embeddable":true,"href":"https:\/\/combinup.com\/tr\/wp-json\/wp\/v2\/users\/1"}],"replies":[{"embeddable":true,"href":"https:\/\/combinup.com\/tr\/wp-json\/wp\/v2\/comments?post=946"}],"version-history":[{"count":4,"href":"https:\/\/combinup.com\/tr\/wp-json\/wp\/v2\/pages\/946\/revisions"}],"predecessor-version":[{"id":1489,"href":"https:\/\/combinup.com\/tr\/wp-json\/wp\/v2\/pages\/946\/revisions\/1489"}],"wp:attachment":[{"href":"https:\/\/combinup.com\/tr\/wp-json\/wp\/v2\/media?parent=946"}],"curies":[{"name":"wp","href":"https:\/\/api.w.org\/{rel}","templated":true}]}}